{"id":6,"date":"2023-06-20T17:39:26","date_gmt":"2023-06-20T15:39:26","guid":{"rendered":"https:\/\/apartamenty-dev.devtree.pl\/?page_id=6"},"modified":"2024-09-22T17:18:48","modified_gmt":"2024-09-22T15:18:48","slug":"strona-glowna","status":"publish","type":"page","link":"https:\/\/villa-sophie.pl\/de\/","title":{"rendered":"Strona g\u0142\u00f3wna"},"content":{"rendered":"<div data-elementor-type=\"wp-page\" data-elementor-id=\"6\" class=\"elementor elementor-6\">\n\t\t\t\t<div class=\"elementor-element elementor-element-6679a4b e-grid e-con-boxed elementor-invisible e-con e-parent\" data-id=\"6679a4b\" data-element_type=\"container\" data-settings=\"{&quot;background_background&quot;:&quot;classic&quot;,&quot;animation&quot;:&quot;fadeInDown&quot;,&quot;animation_mobile&quot;:&quot;none&quot;}\">\n\t\t\t\t\t<div class=\"e-con-inner\">\n\t\t<div class=\"elementor-element elementor-element-f276d60 e-con-full e-flex e-con e-child\" data-id=\"f276d60\" data-element_type=\"container\">\n\t\t\t\t<div class=\"elementor-element elementor-element-064db91 elementor-widget elementor-widget-image\" data-id=\"064db91\" data-element_type=\"widget\" data-widget_type=\"image.default\">\n\t\t\t\t<div class=\"elementor-widget-container\">\n\t\t\t\t\t\t\t\t\t\t\t\t\t\t\t<img fetchpriority=\"high\" decoding=\"async\" width=\"300\" height=\"200\" src=\"https:\/\/villa-sophie.pl\/wp-content\/uploads\/2023\/06\/warm-and-cozy-gbb18a5b05_640-300x200.jpg\" class=\"attachment-medium size-medium wp-image-326\" alt=\"\" srcset=\"https:\/\/villa-sophie.pl\/wp-content\/uploads\/2023\/06\/warm-and-cozy-gbb18a5b05_640-300x200.jpg 300w, https:\/\/villa-sophie.pl\/wp-content\/uploads\/2023\/06\/warm-and-cozy-gbb18a5b05_640.jpg 640w\" sizes=\"(max-width: 300px) 100vw, 300px\" \/>\t\t\t\t\t\t\t\t\t\t\t\t\t\t\t<\/div>\n\t\t\t\t<\/div>\n\t\t\t\t<div class=\"elementor-element elementor-element-348133c elementor-widget elementor-widget-heading\" data-id=\"348133c\" data-element_type=\"widget\" data-widget_type=\"heading.default\">\n\t\t\t\t<div class=\"elementor-widget-container\">\n\t\t\t\t\t<h2 class=\"elementor-heading-title elementor-size-default\">Wygoda<\/h2>\t\t\t\t<\/div>\n\t\t\t\t<\/div>\n\t\t\t\t<div class=\"elementor-element elementor-element-8e8fcdd elementor-widget elementor-widget-text-editor\" data-id=\"8e8fcdd\" data-element_type=\"widget\" data-widget_type=\"text-editor.default\">\n\t\t\t\t<div class=\"elementor-widget-container\">\n\t\t\t\t\t\t\t\t\t<p>Odkryj nasze komfortowe apartamenty rozmieszczone w dw\u00f3ch obiektach, kt\u00f3re zapewniaj\u0105 przestrze\u0144, wygod\u0119 i wysoki standard<\/p>\t\t\t\t\t\t\t\t<\/div>\n\t\t\t\t<\/div>\n\t\t\t\t<\/div>\n\t\t<div class=\"elementor-element elementor-element-20ee27d e-con-full e-flex e-con e-child\" data-id=\"20ee27d\" data-element_type=\"container\">\n\t\t\t\t<div class=\"elementor-element elementor-element-431b7cd elementor-widget elementor-widget-image\" data-id=\"431b7cd\" data-element_type=\"widget\" data-widget_type=\"image.default\">\n\t\t\t\t<div class=\"elementor-widget-container\">\n\t\t\t\t\t\t\t\t\t\t\t\t\t\t\t<img decoding=\"async\" width=\"300\" height=\"205\" src=\"https:\/\/villa-sophie.pl\/wp-content\/uploads\/2023\/06\/vacation-gcc637f017_640-300x205.jpg\" class=\"attachment-medium size-medium wp-image-327\" alt=\"\" srcset=\"https:\/\/villa-sophie.pl\/wp-content\/uploads\/2023\/06\/vacation-gcc637f017_640-300x205.jpg 300w, https:\/\/villa-sophie.pl\/wp-content\/uploads\/2023\/06\/vacation-gcc637f017_640.jpg 640w\" sizes=\"(max-width: 300px) 100vw, 300px\" \/>\t\t\t\t\t\t\t\t\t\t\t\t\t\t\t<\/div>\n\t\t\t\t<\/div>\n\t\t\t\t<div class=\"elementor-element elementor-element-344fa4a elementor-widget elementor-widget-heading\" data-id=\"344fa4a\" data-element_type=\"widget\" data-widget_type=\"heading.default\">\n\t\t\t\t<div class=\"elementor-widget-container\">\n\t\t\t\t\t<h2 class=\"elementor-heading-title elementor-size-default\">Relaks<\/h2>\t\t\t\t<\/div>\n\t\t\t\t<\/div>\n\t\t\t\t<div class=\"elementor-element elementor-element-f1412b0 elementor-widget elementor-widget-text-editor\" data-id=\"f1412b0\" data-element_type=\"widget\" data-widget_type=\"text-editor.default\">\n\t\t\t\t<div class=\"elementor-widget-container\">\n\t\t\t\t\t\t\t\t\t<p>Ciesz si\u0119 blisko\u015bci\u0105 pla\u017cy, relaksuj na wydzielonym balkonie lub tarasie i dost\u0119pnej zielonej przestrzeni oraz odkrywaj uroki okolicy<\/p>\t\t\t\t\t\t\t\t<\/div>\n\t\t\t\t<\/div>\n\t\t\t\t<\/div>\n\t\t<div class=\"elementor-element elementor-element-e0567f4 e-con-full e-flex e-con e-child\" data-id=\"e0567f4\" data-element_type=\"container\">\n\t\t\t\t<div class=\"elementor-element elementor-element-c80ef5b elementor-widget elementor-widget-image\" data-id=\"c80ef5b\" data-element_type=\"widget\" data-widget_type=\"image.default\">\n\t\t\t\t<div class=\"elementor-widget-container\">\n\t\t\t\t\t\t\t\t\t\t\t\t\t\t\t<img decoding=\"async\" width=\"300\" height=\"200\" src=\"https:\/\/villa-sophie.pl\/wp-content\/uploads\/2023\/06\/lighthouse-g39c46c9c8_640-300x200.jpg\" class=\"attachment-medium size-medium wp-image-328\" alt=\"\" srcset=\"https:\/\/villa-sophie.pl\/wp-content\/uploads\/2023\/06\/lighthouse-g39c46c9c8_640-300x200.jpg 300w, https:\/\/villa-sophie.pl\/wp-content\/uploads\/2023\/06\/lighthouse-g39c46c9c8_640.jpg 640w\" sizes=\"(max-width: 300px) 100vw, 300px\" \/>\t\t\t\t\t\t\t\t\t\t\t\t\t\t\t<\/div>\n\t\t\t\t<\/div>\n\t\t\t\t<div class=\"elementor-element elementor-element-de1e3de elementor-widget elementor-widget-heading\" data-id=\"de1e3de\" data-element_type=\"widget\" data-widget_type=\"heading.default\">\n\t\t\t\t<div class=\"elementor-widget-container\">\n\t\t\t\t\t<h2 class=\"elementor-heading-title elementor-size-default\">Spok\u00f3j<\/h2>\t\t\t\t<\/div>\n\t\t\t\t<\/div>\n\t\t\t\t<div class=\"elementor-element elementor-element-8ffd993 elementor-widget elementor-widget-text-editor\" data-id=\"8ffd993\" data-element_type=\"widget\" data-widget_type=\"text-editor.default\">\n\t\t\t\t<div class=\"elementor-widget-container\">\n\t\t\t\t\t\t\t\t\t<p>Villi Sophie i Villa Marie to idealne miejsca na spokojny odpoczynek i niezapomniane chwile nad polskim morzem<\/p>\t\t\t\t\t\t\t\t<\/div>\n\t\t\t\t<\/div>\n\t\t\t\t<\/div>\n\t\t\t\t\t<\/div>\n\t\t\t\t<\/div>\n\t\t<div class=\"elementor-element elementor-element-e870609 e-flex e-con-boxed elementor-invisible e-con e-parent\" data-id=\"e870609\" data-element_type=\"container\" data-settings=\"{&quot;background_background&quot;:&quot;classic&quot;,&quot;animation&quot;:&quot;fadeIn&quot;,&quot;animation_mobile&quot;:&quot;none&quot;}\">\n\t\t\t\t\t<div class=\"e-con-inner\">\n\t\t\t\t<div class=\"elementor-element elementor-element-7d11a66 elementor-widget elementor-widget-spacer\" data-id=\"7d11a66\" data-element_type=\"widget\" data-widget_type=\"spacer.default\">\n\t\t\t\t<div class=\"elementor-widget-container\">\n\t\t\t\t\t\t\t<div class=\"elementor-spacer\">\n\t\t\t<div class=\"elementor-spacer-inner\"><\/div>\n\t\t<\/div>\n\t\t\t\t\t\t<\/div>\n\t\t\t\t<\/div>\n\t\t\t\t<div class=\"elementor-element elementor-element-952f1ef elementor-widget elementor-widget-heading\" data-id=\"952f1ef\" data-element_type=\"widget\" data-widget_type=\"heading.default\">\n\t\t\t\t<div class=\"elementor-widget-container\">\n\t\t\t\t\t<h2 class=\"elementor-heading-title elementor-size-default\">NASZE OBIEKTY<\/h2>\t\t\t\t<\/div>\n\t\t\t\t<\/div>\n\t\t\t\t\t<\/div>\n\t\t\t\t<\/div>\n\t\t<div class=\"elementor-element elementor-element-7496963 e-grid e-con-boxed elementor-invisible e-con e-parent\" data-id=\"7496963\" data-element_type=\"container\" data-settings=\"{&quot;background_background&quot;:&quot;classic&quot;,&quot;animation&quot;:&quot;fadeIn&quot;,&quot;animation_mobile&quot;:&quot;none&quot;}\">\n\t\t\t\t\t<div class=\"e-con-inner\">\n\t\t<div class=\"elementor-element elementor-element-019ab5f e-con-full e-flex e-con e-child\" data-id=\"019ab5f\" data-element_type=\"container\" data-settings=\"{&quot;background_background&quot;:&quot;slideshow&quot;,&quot;background_slideshow_gallery&quot;:[{&quot;id&quot;:548,&quot;url&quot;:&quot;https:\\\/\\\/villa-sophie.pl\\\/wp-content\\\/uploads\\\/2023\\\/06\\\/apart2_taras1-resized.jpg&quot;},{&quot;id&quot;:812,&quot;url&quot;:&quot;https:\\\/\\\/villa-sophie.pl\\\/wp-content\\\/uploads\\\/2024\\\/09\\\/image26-rotated.jpeg&quot;},{&quot;id&quot;:792,&quot;url&quot;:&quot;https:\\\/\\\/villa-sophie.pl\\\/wp-content\\\/uploads\\\/2024\\\/09\\\/apart1_taras-1.jpeg&quot;},{&quot;id&quot;:543,&quot;url&quot;:&quot;https:\\\/\\\/villa-sophie.pl\\\/wp-content\\\/uploads\\\/2023\\\/06\\\/apart1_taras1-resized.jpg&quot;},{&quot;id&quot;:809,&quot;url&quot;:&quot;https:\\\/\\\/villa-sophie.pl\\\/wp-content\\\/uploads\\\/2024\\\/09\\\/image4-rotated.jpeg&quot;},{&quot;id&quot;:810,&quot;url&quot;:&quot;https:\\\/\\\/villa-sophie.pl\\\/wp-content\\\/uploads\\\/2024\\\/09\\\/image4-1-rotated.jpeg&quot;},{&quot;id&quot;:811,&quot;url&quot;:&quot;https:\\\/\\\/villa-sophie.pl\\\/wp-content\\\/uploads\\\/2024\\\/09\\\/apart4_sofa_resized-2.jpg&quot;}],&quot;background_slideshow_slide_duration&quot;:3000,&quot;background_slideshow_slide_transition&quot;:&quot;slide_left&quot;,&quot;background_slideshow_ken_burns&quot;:&quot;yes&quot;,&quot;background_slideshow_lazyload&quot;:&quot;yes&quot;,&quot;background_slideshow_loop&quot;:&quot;yes&quot;,&quot;background_slideshow_transition_duration&quot;:500,&quot;background_slideshow_ken_burns_zoom_direction&quot;:&quot;in&quot;}\">\n\t\t\t\t<div class=\"elementor-element elementor-element-79e2db2 elementor-widget elementor-widget-heading\" data-id=\"79e2db2\" data-element_type=\"widget\" data-widget_type=\"heading.default\">\n\t\t\t\t<div class=\"elementor-widget-container\">\n\t\t\t\t\t<h1 class=\"elementor-heading-title elementor-size-default\">Villa Sophie<\/h1>\t\t\t\t<\/div>\n\t\t\t\t<\/div>\n\t\t\t\t<div class=\"elementor-element elementor-element-52f48b3 elementor-align-center elementor-widget elementor-widget-button\" data-id=\"52f48b3\" data-element_type=\"widget\" data-widget_type=\"button.default\">\n\t\t\t\t<div class=\"elementor-widget-container\">\n\t\t\t\t\t\t\t\t\t<div class=\"elementor-button-wrapper\">\n\t\t\t\t\t<a class=\"elementor-button elementor-button-link elementor-size-md elementor-animation-grow\" href=\"\/de\/villa-sophie\/\">\n\t\t\t\t\t\t<span class=\"elementor-button-content-wrapper\">\n\t\t\t\t\t\t\t\t\t<span class=\"elementor-button-text\">Zobacz apartamenty<\/span>\n\t\t\t\t\t<\/span>\n\t\t\t\t\t<\/a>\n\t\t\t\t<\/div>\n\t\t\t\t\t\t\t\t<\/div>\n\t\t\t\t<\/div>\n\t\t\t\t<\/div>\n\t\t<div class=\"elementor-element elementor-element-915b8ce e-con-full e-flex e-con e-child\" data-id=\"915b8ce\" data-element_type=\"container\" data-settings=\"{&quot;background_background&quot;:&quot;slideshow&quot;,&quot;background_slideshow_gallery&quot;:[{&quot;id&quot;:778,&quot;url&quot;:&quot;https:\\\/\\\/villa-sophie.pl\\\/wp-content\\\/uploads\\\/2024\\\/09\\\/image16.jpeg&quot;},{&quot;id&quot;:794,&quot;url&quot;:&quot;https:\\\/\\\/villa-sophie.pl\\\/wp-content\\\/uploads\\\/2024\\\/09\\\/image20-rotated.jpeg&quot;},{&quot;id&quot;:814,&quot;url&quot;:&quot;https:\\\/\\\/villa-sophie.pl\\\/wp-content\\\/uploads\\\/2024\\\/09\\\/image5.jpeg&quot;},{&quot;id&quot;:815,&quot;url&quot;:&quot;https:\\\/\\\/villa-sophie.pl\\\/wp-content\\\/uploads\\\/2024\\\/09\\\/image3.jpeg&quot;},{&quot;id&quot;:817,&quot;url&quot;:&quot;https:\\\/\\\/villa-sophie.pl\\\/wp-content\\\/uploads\\\/2024\\\/09\\\/image6.jpeg&quot;},{&quot;id&quot;:818,&quot;url&quot;:&quot;https:\\\/\\\/villa-sophie.pl\\\/wp-content\\\/uploads\\\/2024\\\/09\\\/image14.jpeg&quot;}],&quot;background_slideshow_slide_duration&quot;:3000,&quot;background_slideshow_slide_transition&quot;:&quot;slide_left&quot;,&quot;background_slideshow_ken_burns&quot;:&quot;yes&quot;,&quot;background_slideshow_lazyload&quot;:&quot;yes&quot;,&quot;background_slideshow_loop&quot;:&quot;yes&quot;,&quot;background_slideshow_transition_duration&quot;:500,&quot;background_slideshow_ken_burns_zoom_direction&quot;:&quot;in&quot;}\">\n\t\t\t\t<div class=\"elementor-element elementor-element-c69d985 elementor-widget elementor-widget-heading\" data-id=\"c69d985\" data-element_type=\"widget\" data-widget_type=\"heading.default\">\n\t\t\t\t<div class=\"elementor-widget-container\">\n\t\t\t\t\t<h1 class=\"elementor-heading-title elementor-size-default\">Villa Marie<\/h1>\t\t\t\t<\/div>\n\t\t\t\t<\/div>\n\t\t\t\t<div class=\"elementor-element elementor-element-898b2ef elementor-align-center elementor-widget elementor-widget-button\" data-id=\"898b2ef\" data-element_type=\"widget\" data-widget_type=\"button.default\">\n\t\t\t\t<div class=\"elementor-widget-container\">\n\t\t\t\t\t\t\t\t\t<div class=\"elementor-button-wrapper\">\n\t\t\t\t\t<a class=\"elementor-button elementor-button-link elementor-size-md elementor-animation-grow\" href=\"\/de\/villa-marie\/\">\n\t\t\t\t\t\t<span class=\"elementor-button-content-wrapper\">\n\t\t\t\t\t\t\t\t\t<span class=\"elementor-button-text\">Zobacz apartamenty<\/span>\n\t\t\t\t\t<\/span>\n\t\t\t\t\t<\/a>\n\t\t\t\t<\/div>\n\t\t\t\t\t\t\t\t<\/div>\n\t\t\t\t<\/div>\n\t\t\t\t<\/div>\n\t\t\t\t\t<\/div>\n\t\t\t\t<\/div>\n\t\t<div class=\"elementor-element elementor-element-fcbdd71 e-flex e-con-boxed e-con e-parent\" data-id=\"fcbdd71\" data-element_type=\"container\" data-settings=\"{&quot;background_background&quot;:&quot;classic&quot;}\">\n\t\t\t\t\t<div class=\"e-con-inner\">\n\t\t\t\t<div class=\"elementor-element elementor-element-691da96 elementor-widget elementor-widget-spacer\" data-id=\"691da96\" data-element_type=\"widget\" data-widget_type=\"spacer.default\">\n\t\t\t\t<div class=\"elementor-widget-container\">\n\t\t\t\t\t\t\t<div class=\"elementor-spacer\">\n\t\t\t<div class=\"elementor-spacer-inner\"><\/div>\n\t\t<\/div>\n\t\t\t\t\t\t<\/div>\n\t\t\t\t<\/div>\n\t\t\t\t\t<\/div>\n\t\t\t\t<\/div>\n\t\t<div class=\"elementor-element elementor-element-20e9b9d e-flex e-con-boxed e-con e-parent\" data-id=\"20e9b9d\" data-element_type=\"container\">\n\t\t\t\t\t<div class=\"e-con-inner\">\n\t\t\t\t<div class=\"elementor-element elementor-element-d2e2ef9 elementor-widget elementor-widget-heading\" data-id=\"d2e2ef9\" data-element_type=\"widget\" data-widget_type=\"heading.default\">\n\t\t\t\t<div class=\"elementor-widget-container\">\n\t\t\t\t\t<h2 class=\"elementor-heading-title elementor-size-default\">OKOLICA<\/h2>\t\t\t\t<\/div>\n\t\t\t\t<\/div>\n\t\t\t\t<div class=\"elementor-element elementor-element-7fbe566 elementor-widget elementor-widget-spacer\" data-id=\"7fbe566\" data-element_type=\"widget\" data-widget_type=\"spacer.default\">\n\t\t\t\t<div class=\"elementor-widget-container\">\n\t\t\t\t\t\t\t<div class=\"elementor-spacer\">\n\t\t\t<div class=\"elementor-spacer-inner\"><\/div>\n\t\t<\/div>\n\t\t\t\t\t\t<\/div>\n\t\t\t\t<\/div>\n\t\t\t\t<div class=\"elementor-element elementor-element-3c8a80a elementor-widget elementor-widget-text-editor\" data-id=\"3c8a80a\" data-element_type=\"widget\" data-widget_type=\"text-editor.default\">\n\t\t\t\t<div class=\"elementor-widget-container\">\n\t\t\t\t\t\t\t\t\t<p>\u00a0Grzybowo po\u0142o\u017cone jest w wojew\u00f3dztwie zachodniopomorskim w gminie Ko\u0142obrzeg. Nieska\u017cona przyroda, szerokie piaszczyste pla\u017ce, unikalna ro\u015blinno\u015b\u0107 wydmowa, nadmorskie lasy sosnowe oraz leczniczy mikroklimat czyni\u0105 to miejsce wyj\u0105tkowym. W bezpo\u015brednim s\u0105siedztwie istnieje mo\u017cliwo\u015b\u0107 wypo\u017cyczenia rower\u00f3w, skuter\u00f3w, jazda konna. Jezioro Resko Przymorskie (oddalone 5 km) jest idealnym miejscem dla amator\u00f3w sport\u00f3w wodnych oraz w\u0119dkowania.<\/p>\t\t\t\t\t\t\t\t<\/div>\n\t\t\t\t<\/div>\n\t\t\t\t<div class=\"elementor-element elementor-element-ff13cca elementor-widget-mobile__width-initial elementor-widget elementor-widget-image-gallery\" data-id=\"ff13cca\" data-element_type=\"widget\" data-widget_type=\"image-gallery.default\">\n\t\t\t\t<div class=\"elementor-widget-container\">\n\t\t\t\t\t\t\t<div class=\"elementor-image-gallery\">\n\t\t\t<div id='gallery-1' class='gallery galleryid-6 gallery-columns-4 gallery-size-medium_large'><figure class='gallery-item'>\n\t\t\t<div class='gallery-icon portrait'>\n\t\t\t\t<img loading=\"lazy\" decoding=\"async\" width=\"768\" height=\"1024\" src=\"https:\/\/villa-sophie.pl\/wp-content\/uploads\/2023\/06\/IMG_7863-768x1024.jpeg\" class=\"attachment-medium_large size-medium_large\" alt=\"\" srcset=\"https:\/\/villa-sophie.pl\/wp-content\/uploads\/2023\/06\/IMG_7863-768x1024.jpeg 768w, https:\/\/villa-sophie.pl\/wp-content\/uploads\/2023\/06\/IMG_7863-225x300.jpeg 225w, https:\/\/villa-sophie.pl\/wp-content\/uploads\/2023\/06\/IMG_7863-1152x1536.jpeg 1152w, https:\/\/villa-sophie.pl\/wp-content\/uploads\/2023\/06\/IMG_7863-1536x2048.jpeg 1536w, https:\/\/villa-sophie.pl\/wp-content\/uploads\/2023\/06\/IMG_7863-scaled.jpeg 1920w\" sizes=\"(max-width: 768px) 100vw, 768px\" \/>\n\t\t\t<\/div><\/figure><figure class='gallery-item'>\n\t\t\t<div class='gallery-icon portrait'>\n\t\t\t\t<img loading=\"lazy\" decoding=\"async\" width=\"768\" height=\"1024\" src=\"https:\/\/villa-sophie.pl\/wp-content\/uploads\/2023\/06\/IMG_1383-768x1024.jpeg\" class=\"attachment-medium_large size-medium_large\" alt=\"\" srcset=\"https:\/\/villa-sophie.pl\/wp-content\/uploads\/2023\/06\/IMG_1383-768x1024.jpeg 768w, https:\/\/villa-sophie.pl\/wp-content\/uploads\/2023\/06\/IMG_1383-225x300.jpeg 225w, https:\/\/villa-sophie.pl\/wp-content\/uploads\/2023\/06\/IMG_1383-1152x1536.jpeg 1152w, https:\/\/villa-sophie.pl\/wp-content\/uploads\/2023\/06\/IMG_1383.jpeg 1200w\" sizes=\"(max-width: 768px) 100vw, 768px\" \/>\n\t\t\t<\/div><\/figure><figure class='gallery-item'>\n\t\t\t<div class='gallery-icon portrait'>\n\t\t\t\t<img loading=\"lazy\" decoding=\"async\" width=\"768\" height=\"1024\" src=\"https:\/\/villa-sophie.pl\/wp-content\/uploads\/2023\/06\/plaza1-resized-768x1024.jpg\" class=\"attachment-medium_large size-medium_large\" alt=\"\" srcset=\"https:\/\/villa-sophie.pl\/wp-content\/uploads\/2023\/06\/plaza1-resized-768x1024.jpg 768w, https:\/\/villa-sophie.pl\/wp-content\/uploads\/2023\/06\/plaza1-resized-225x300.jpg 225w, https:\/\/villa-sophie.pl\/wp-content\/uploads\/2023\/06\/plaza1-resized-1152x1536.jpg 1152w, https:\/\/villa-sophie.pl\/wp-content\/uploads\/2023\/06\/plaza1-resized-rotated.jpg 1210w\" sizes=\"(max-width: 768px) 100vw, 768px\" \/>\n\t\t\t<\/div><\/figure><figure class='gallery-item'>\n\t\t\t<div class='gallery-icon portrait'>\n\t\t\t\t<img loading=\"lazy\" decoding=\"async\" width=\"768\" height=\"1024\" src=\"https:\/\/villa-sophie.pl\/wp-content\/uploads\/2023\/06\/woda1-resized-768x1024.jpg\" class=\"attachment-medium_large size-medium_large\" alt=\"\" srcset=\"https:\/\/villa-sophie.pl\/wp-content\/uploads\/2023\/06\/woda1-resized-768x1024.jpg 768w, https:\/\/villa-sophie.pl\/wp-content\/uploads\/2023\/06\/woda1-resized-225x300.jpg 225w, https:\/\/villa-sophie.pl\/wp-content\/uploads\/2023\/06\/woda1-resized-1152x1536.jpg 1152w, https:\/\/villa-sophie.pl\/wp-content\/uploads\/2023\/06\/woda1-resized-rotated.jpg 1210w\" sizes=\"(max-width: 768px) 100vw, 768px\" \/>\n\t\t\t<\/div><\/figure><figure class='gallery-item'>\n\t\t\t<div class='gallery-icon landscape'>\n\t\t\t\t<img loading=\"lazy\" decoding=\"async\" width=\"640\" height=\"427\" src=\"https:\/\/villa-sophie.pl\/wp-content\/uploads\/2023\/06\/the-town-hall-gf27f1f269_640.jpg\" class=\"attachment-medium_large size-medium_large\" alt=\"\" srcset=\"https:\/\/villa-sophie.pl\/wp-content\/uploads\/2023\/06\/the-town-hall-gf27f1f269_640.jpg 640w, https:\/\/villa-sophie.pl\/wp-content\/uploads\/2023\/06\/the-town-hall-gf27f1f269_640-300x200.jpg 300w\" sizes=\"(max-width: 640px) 100vw, 640px\" \/>\n\t\t\t<\/div><\/figure><figure class='gallery-item'>\n\t\t\t<div class='gallery-icon landscape'>\n\t\t\t\t<img loading=\"lazy\" decoding=\"async\" width=\"640\" height=\"427\" src=\"https:\/\/villa-sophie.pl\/wp-content\/uploads\/2023\/06\/koobrzeg-4921538_640.jpg\" class=\"attachment-medium_large size-medium_large\" alt=\"\" srcset=\"https:\/\/villa-sophie.pl\/wp-content\/uploads\/2023\/06\/koobrzeg-4921538_640.jpg 640w, https:\/\/villa-sophie.pl\/wp-content\/uploads\/2023\/06\/koobrzeg-4921538_640-300x200.jpg 300w\" sizes=\"(max-width: 640px) 100vw, 640px\" \/>\n\t\t\t<\/div><\/figure><figure class='gallery-item'>\n\t\t\t<div class='gallery-icon landscape'>\n\t\t\t\t<img loading=\"lazy\" decoding=\"async\" width=\"640\" height=\"425\" src=\"https:\/\/villa-sophie.pl\/wp-content\/uploads\/2023\/06\/kolobrzeg-g44e6d5cb3_640.jpg\" class=\"attachment-medium_large size-medium_large\" alt=\"\" srcset=\"https:\/\/villa-sophie.pl\/wp-content\/uploads\/2023\/06\/kolobrzeg-g44e6d5cb3_640.jpg 640w, https:\/\/villa-sophie.pl\/wp-content\/uploads\/2023\/06\/kolobrzeg-g44e6d5cb3_640-300x199.jpg 300w\" sizes=\"(max-width: 640px) 100vw, 640px\" \/>\n\t\t\t<\/div><\/figure><figure class='gallery-item'>\n\t\t\t<div class='gallery-icon landscape'>\n\t\t\t\t<img loading=\"lazy\" decoding=\"async\" width=\"640\" height=\"426\" src=\"https:\/\/villa-sophie.pl\/wp-content\/uploads\/2023\/06\/kolobreh-g1c4795d4a_640.jpg\" class=\"attachment-medium_large size-medium_large\" alt=\"\" srcset=\"https:\/\/villa-sophie.pl\/wp-content\/uploads\/2023\/06\/kolobreh-g1c4795d4a_640.jpg 640w, https:\/\/villa-sophie.pl\/wp-content\/uploads\/2023\/06\/kolobreh-g1c4795d4a_640-300x200.jpg 300w\" sizes=\"(max-width: 640px) 100vw, 640px\" \/>\n\t\t\t<\/div><\/figure><figure class='gallery-item'>\n\t\t\t<div class='gallery-icon portrait'>\n\t\t\t\t<img loading=\"lazy\" decoding=\"async\" width=\"480\" height=\"640\" src=\"https:\/\/villa-sophie.pl\/wp-content\/uploads\/2024\/09\/image38-rotated.jpeg\" class=\"attachment-medium_large size-medium_large\" alt=\"\" srcset=\"https:\/\/villa-sophie.pl\/wp-content\/uploads\/2024\/09\/image38-rotated.jpeg 480w, https:\/\/villa-sophie.pl\/wp-content\/uploads\/2024\/09\/image38-225x300.jpeg 225w, https:\/\/villa-sophie.pl\/wp-content\/uploads\/2024\/09\/image38-9x12.jpeg 9w\" sizes=\"(max-width: 480px) 100vw, 480px\" \/>\n\t\t\t<\/div><\/figure><figure class='gallery-item'>\n\t\t\t<div class='gallery-icon portrait'>\n\t\t\t\t<img loading=\"lazy\" decoding=\"async\" width=\"480\" height=\"640\" src=\"https:\/\/villa-sophie.pl\/wp-content\/uploads\/2024\/09\/image22-rotated.jpeg\" class=\"attachment-medium_large size-medium_large\" alt=\"\" srcset=\"https:\/\/villa-sophie.pl\/wp-content\/uploads\/2024\/09\/image22-rotated.jpeg 480w, https:\/\/villa-sophie.pl\/wp-content\/uploads\/2024\/09\/image22-225x300.jpeg 225w, https:\/\/villa-sophie.pl\/wp-content\/uploads\/2024\/09\/image22-9x12.jpeg 9w\" sizes=\"(max-width: 480px) 100vw, 480px\" \/>\n\t\t\t<\/div><\/figure><figure class='gallery-item'>\n\t\t\t<div class='gallery-icon portrait'>\n\t\t\t\t<img loading=\"lazy\" decoding=\"async\" width=\"480\" height=\"640\" src=\"https:\/\/villa-sophie.pl\/wp-content\/uploads\/2024\/09\/image16-1-rotated.jpeg\" class=\"attachment-medium_large size-medium_large\" alt=\"\" srcset=\"https:\/\/villa-sophie.pl\/wp-content\/uploads\/2024\/09\/image16-1-rotated.jpeg 480w, https:\/\/villa-sophie.pl\/wp-content\/uploads\/2024\/09\/image16-1-225x300.jpeg 225w, https:\/\/villa-sophie.pl\/wp-content\/uploads\/2024\/09\/image16-1-9x12.jpeg 9w\" sizes=\"(max-width: 480px) 100vw, 480px\" \/>\n\t\t\t<\/div><\/figure><figure class='gallery-item'>\n\t\t\t<div class='gallery-icon portrait'>\n\t\t\t\t<img loading=\"lazy\" decoding=\"async\" width=\"480\" height=\"640\" src=\"https:\/\/villa-sophie.pl\/wp-content\/uploads\/2024\/09\/image36-rotated.jpeg\" class=\"attachment-medium_large size-medium_large\" alt=\"\" srcset=\"https:\/\/villa-sophie.pl\/wp-content\/uploads\/2024\/09\/image36-rotated.jpeg 480w, https:\/\/villa-sophie.pl\/wp-content\/uploads\/2024\/09\/image36-225x300.jpeg 225w, https:\/\/villa-sophie.pl\/wp-content\/uploads\/2024\/09\/image36-9x12.jpeg 9w\" sizes=\"(max-width: 480px) 100vw, 480px\" \/>\n\t\t\t<\/div><\/figure>\n\t\t<\/div>\n\t\t<\/div>\n\t\t\t\t\t\t<\/div>\n\t\t\t\t<\/div>\n\t\t\t\t\t<\/div>\n\t\t\t\t<\/div>\n\t\t\t\t<\/div>","protected":false},"excerpt":{"rendered":"<p>Wygoda Odkryj nasze komfortowe apartamenty rozmieszczone w dw\u00f3ch obiektach, kt\u00f3re zapewniaj\u0105 przestrze\u0144, wygod\u0119 i wysoki standard Relaks Ciesz si\u0119 blisko\u015bci\u0105 pla\u017cy, relaksuj na wydzielonym balkonie lub tarasie i dost\u0119pnej zielonej przestrzeni oraz odkrywaj uroki okolicy Spok\u00f3j Villi Sophie i Villa Marie to idealne miejsca na spokojny odpoczynek i niezapomniane chwile nad polskim morzem NASZE OBIEKTY [&hellip;]<\/p>","protected":false},"author":1,"featured_media":0,"parent":0,"menu_order":0,"comment_status":"closed","ping_status":"closed","template":"","meta":{"footnotes":""},"class_list":["post-6","page","type-page","status-publish","hentry"],"_links":{"self":[{"href":"https:\/\/villa-sophie.pl\/de\/wp-json\/wp\/v2\/pages\/6","targetHints":{"allow":["GET"]}}],"collection":[{"href":"https:\/\/villa-sophie.pl\/de\/wp-json\/wp\/v2\/pages"}],"about":[{"href":"https:\/\/villa-sophie.pl\/de\/wp-json\/wp\/v2\/types\/page"}],"author":[{"embeddable":true,"href":"https:\/\/villa-sophie.pl\/de\/wp-json\/wp\/v2\/users\/1"}],"replies":[{"embeddable":true,"href":"https:\/\/villa-sophie.pl\/de\/wp-json\/wp\/v2\/comments?post=6"}],"version-history":[{"count":289,"href":"https:\/\/villa-sophie.pl\/de\/wp-json\/wp\/v2\/pages\/6\/revisions"}],"predecessor-version":[{"id":940,"href":"https:\/\/villa-sophie.pl\/de\/wp-json\/wp\/v2\/pages\/6\/revisions\/940"}],"wp:attachment":[{"href":"https:\/\/villa-sophie.pl\/de\/wp-json\/wp\/v2\/media?parent=6"}],"curies":[{"name":"wp","href":"https:\/\/api.w.org\/{rel}","templated":true}]}}